{"id":13,"date":"2018-08-07T14:53:56","date_gmt":"2018-08-07T17:53:56","guid":{"rendered":"http:\/\/www.juliablanque.com.br\/lctjb\/?page_id=13"},"modified":"2019-02-22T14:02:14","modified_gmt":"2019-02-22T17:02:14","slug":"lv_reencontro_inscr","status":"publish","type":"page","link":"https:\/\/juliablanque.com.br\/lctjb\/lv_reencontro_inscr\/","title":{"rendered":"LV_Reencontro_Inscr"},"content":{"rendered":"<p>\t\t\t\t<img decoding=\"async\" src=\"http:\/\/www.juliablanque.com.br\/lctjb\/wp-content\/uploads\/2018\/08\/logo-circulo-grande-vasado-e1533667860217.png\" alt=\"logo circulo grande vasado\" itemprop=\"image\"\/><\/p>\n<h5>J\u00falia Blanque &#8211; Transforma\u00e7\u00e3o e Desenvolvimento Humano<\/h5>\n<h3><\/h3>\n<h3>\n\t\t\t\tLan\u00e7amento da 4\u00aa edi\u00e7\u00e3o do Livro &#8220;Reencontro Com Voc\u00ea&#8221;<br \/>\n\t\t\t<\/h3>\n<p>LEIA GR\u00c1TIS O PRIMEIRO CAP\u00cdTULO<\/p>\n<h3>Para qual e-mail devo enviar o primeiro cap\u00edtulo?<\/h3>\n<p>\t\t\t\t<img decoding=\"async\" src=\"http:\/\/www.juliablanque.com.br\/lctjb\/wp-content\/uploads\/2018\/08\/MockUp-Livro-Reencontro-Com-Voce-21-5x8-4a-edicao.png\" alt=\"MockUp-Livro-Reencontro-Com-Voce-21-5x8-4a-edicao\" itemprop=\"image\"  \/><\/p>\n<h4 style=\"text-align: center;\"><strong>Preencha corretamente os dados abaixo e clique no bot\u00e3o CONFIRMAR<\/strong><\/h4>\n<p>\t<!-- Begin MailChimp Signup Form -->\n<link href=\"\/\/cdn-images.mailchimp.com\/embedcode\/classic-10_7.css\" rel=\"stylesheet\" type=\"text\/css\">\n<style type=\"text\/css\">\n\t#mc_embed_signup{background:#fff; clear:left; font:14px Helvetica,Arial,sans-serif; }\n\t\/* Add your own MailChimp form style overrides in your site stylesheet or in this style block.\n\t   We recommend moving this block and the preceding CSS link to the HEAD of your HTML file. *\/\n<\/style>\n<form action=\"https:\/\/juliablanque.us18.list-manage.com\/subscribe\/post?u=c674f1d220b80006fb4b28f56&amp;id=5e4b8ecb90\" method=\"post\" id=\"mc-embedded-subscribe-form\" name=\"mc-embedded-subscribe-form\" target=\"_blank\" novalidate>\n\t<label for=\"mce-FNAME\">Seu Nome <\/label><br \/>\n\t<input type=\"text\" value=\"\" name=\"FNAME\" id=\"mce-FNAME\"><br \/>\n\t<label for=\"mce-EMAIL\">Seu Email <\/label><br \/>\n\t<input type=\"email\" value=\"\" name=\"EMAIL\" id=\"mce-EMAIL\"><br \/>\n\t<label for=\"mce-MMERGE2\">Celular com DDD <\/label><br \/>\n\t<input type=\"text\" name=\"MMERGE2\" value=\"\" id=\"mce-MMERGE2\"><br \/>\n\t    <!-- real people should not fill this in and expect good things - do not remove this or risk form bot signups--><br \/>\n    <input type=\"text\" name=\"b_c674f1d220b80006fb4b28f56_5e4b8ecb90\" tabindex=\"-1\" value=\"\"><br \/>\n    <input type=\"submit\" value=\"C O N F I R M A R\" name=\"subscribe\" id=\"mc-embedded-subscribe\"><br \/>\n<\/form>\n<p><!--End mc_embed_signup--><\/p>\n<h4 style=\"text-align: center;\"><strong>Voc\u00ea receber\u00e1 o 1\u00ba cap\u00edtulo em seu e-mail informado acima<\/strong><\/h4>\n<h3>\n\t\t\t\tEdi\u00e7\u00e3o revisada e Ampliada<br \/>\n\t\t\t<\/h3>\n<p>A 4\u00aa edi\u00e7\u00e3o do livro &#8220;Reencontro Com Voc\u00ea&#8221; de J\u00falia Blanque est\u00e1 revisada e foi ampliada.\u00a0 Um livro dedicado a todos que desejam e buscam incansavelmente um sentido maior para a vida. Voc\u00ea vai se envolver nesta viv\u00eancia emocionante criada por J\u00falia Blanque, que tr\u00e1s pr\u00e1ticas, t\u00e9cnicas e ensinamentos hol\u00edsticos que v\u00e3o transformar sua vis\u00e3o, proporcionando equil\u00edbrio emocional, autoconhecimento, abertura de consci\u00eancia e quebra dos paradigmas que tanto bloqueiam o seu desenvolvimento.<\/p>\n<h3>\n\t\t\t\tLan\u00e7amento da 4\u00aa edi\u00e7\u00e3o do Livro &#8220;Reencontro Com Voc\u00ea&#8221;<br \/>\n\t\t\t<\/h3>\n<p>PREENCHA O FORMUL\u00c1RIO ACIMA E LEIA GR\u00c1TIS O PRIMEIRO CAP\u00cdTULO<\/p>\n<p>\t\t\t\t<img decoding=\"async\" src=\"https:\/\/juliablanque.com.br\/lctjb\/wp-content\/uploads\/bb-plugin\/cache\/WhatsApp-Image-2018-05-05-at-09.40.47-circle.jpeg\" alt=\"WhatsApp Image 2018-05-05 at 09.40.47\" itemprop=\"image\"\/><\/p>\n<h3>J\u00daLIA BLANQUE<\/h3>\n<p>Confesso que, quando escrevi a primeira edi\u00e7\u00e3o de &#8220;Reencontro com Voc\u00ea&#8221;, n\u00e3o tinha a inten\u00e7\u00e3o de fazer muito sucesso. Meu desejo era que, com a leitura deste livro, as pessoas pudessem se transformar e renascer, assim como a personagem real, \u201cVanessa\u201d, diante de sua postura c\u00e9tica, cr\u00edtica e muitas vezes indignada. A vida nos surpreende a todo o momento, com fortes li\u00e7\u00f5es a serem aprendidas. Ficamos estressados demais, preocupados e ansiosos, choramos ou ca\u00edmos em depress\u00e3o, sem saber o porqu\u00ea disso. Todos t\u00eam que seguir o caminho do crescimento! Devemos vencer nossos medos, frustra\u00e7\u00f5es, apegos e transformar a ang\u00fastia e a ansiedade que, muitas vezes, gritam dentro de n\u00f3s, com a busca de experi\u00eancias mais ricas e atitudes positivas. Pois, voc\u00ea sabe, sempre surgem novos medos, diante do desconhecido. A nossa f\u00e9 e a confian\u00e7a devem ser maiores que os medos, para combater as sombras que teimam em aparecer, junto com a conviv\u00eancia com as demais pessoas e as surpresas, que a vida nos imp\u00f5e.<\/p>\n<p>\t\t\t\t<img decoding=\"async\" src=\"https:\/\/juliablanque.com.br\/lctjb\/wp-content\/uploads\/bb-plugin\/cache\/julia-blanque-depoimento-arlete-montenegro-2018-circle.jpg\" alt=\"julia-blanque-depoimento-arlete-montenegro-2018\" itemprop=\"image\"\/><\/p>\n<h3>ARLETE MONTENEGRO<\/h3>\n<h3>&#8211; Atriz &#8211;<\/h3>\n<h3>O livro atinge o seu objetivo real, que \u00e9 conscientizar mais e mais pessoas. Est\u00e1 na hora da humanidade ultrapassar o seu limite de aprendizado<\/h3>\n<p>\t\t\t\t<img decoding=\"async\" src=\"https:\/\/juliablanque.com.br\/lctjb\/wp-content\/uploads\/bb-plugin\/cache\/julia-blanque-depoimento-katia-fonseca-2018-circle.jpg\" alt=\"julia-blanque-depoimento-katia-fonseca-2018\" itemprop=\"image\"\/><\/p>\n<h3>KATIA FONSECA<\/h3>\n<h3>&#8211; Apresentadora &#8211;<\/h3>\n<h3>Este livro \u00e9 uma imers\u00e3o no Autoconhecimento e Autopercep\u00e7\u00e3o ajudou muito na minha reconex\u00e3o com o \u201cDivino\u201d<\/h3>\n<p>\t\t\t\t<img decoding=\"async\" src=\"https:\/\/juliablanque.com.br\/lctjb\/wp-content\/uploads\/bb-plugin\/cache\/julia-blanque-depoimento-jadir-albino-2018-circle.jpg\" alt=\"julia-blanque-depoimento-jadir-albino-2018\" itemprop=\"image\"\/><\/p>\n<h3>JADIR ALBINO<\/h3>\n<h3>&#8211; Apresentador &#8211;<\/h3>\n<h3>J\u00falia Blanque, com muita propriedade, nos arremete a um mergulho na busca de nossa ess\u00eancia. eu diria que \u00e9 um atalho para o nirvana e uma fenda para a felicidade. &#8220;Reencontro com Voc\u00ea&#8221; reacende a luz mais profunda de nosso &#8220;Eu&#8221;<\/h3>\n","protected":false},"excerpt":{"rendered":"<p>J\u00falia Blanque &#8211; Transforma\u00e7\u00e3o e Desenvolvimento Humano Lan\u00e7amento da 4\u00aa edi\u00e7\u00e3o do Livro &#8220;Reencontro Com Voc\u00ea&#8221; LEIA GR\u00c1TIS O PRIMEIRO CAP\u00cdTULO Para qual e-mail devo enviar o primeiro cap\u00edtulo? Preencha corretamente os dados abaixo e clique no bot\u00e3o CONFIRMAR Seu Nome Seu Email Celular com DDD Voc\u00ea receber\u00e1 o 1\u00ba cap\u00edtulo em seu e-mail informado&hellip;<\/p>\n","protected":false},"author":1,"featured_media":0,"parent":0,"menu_order":21,"comment_status":"closed","ping_status":"closed","template":"","meta":{"footnotes":""},"class_list":["post-13","page","type-page","status-publish","hentry"],"_links":{"self":[{"href":"https:\/\/juliablanque.com.br\/lctjb\/wp-json\/wp\/v2\/pages\/13","targetHints":{"allow":["GET"]}}],"collection":[{"href":"https:\/\/juliablanque.com.br\/lctjb\/wp-json\/wp\/v2\/pages"}],"about":[{"href":"https:\/\/juliablanque.com.br\/lctjb\/wp-json\/wp\/v2\/types\/page"}],"author":[{"embeddable":true,"href":"https:\/\/juliablanque.com.br\/lctjb\/wp-json\/wp\/v2\/users\/1"}],"replies":[{"embeddable":true,"href":"https:\/\/juliablanque.com.br\/lctjb\/wp-json\/wp\/v2\/comments?post=13"}],"version-history":[{"count":21,"href":"https:\/\/juliablanque.com.br\/lctjb\/wp-json\/wp\/v2\/pages\/13\/revisions"}],"predecessor-version":[{"id":279,"href":"https:\/\/juliablanque.com.br\/lctjb\/wp-json\/wp\/v2\/pages\/13\/revisions\/279"}],"wp:attachment":[{"href":"https:\/\/juliablanque.com.br\/lctjb\/wp-json\/wp\/v2\/media?parent=13"}],"curies":[{"name":"wp","href":"https:\/\/api.w.org\/{rel}","templated":true}]}}